{"id":23,"date":"2014-10-26T19:06:02","date_gmt":"2014-10-26T17:06:02","guid":{"rendered":"http:\/\/landsprosse.de\/wordpress\/?page_id=23"},"modified":"2018-10-16T09:57:55","modified_gmt":"2018-10-16T07:57:55","slug":"impressum","status":"publish","type":"page","link":"https:\/\/landsprosse.de\/wordpress\/kontakt\/impressum\/","title":{"rendered":"Impressum"},"content":{"rendered":"<p><b>Landsprosse<\/b><br \/>\nSonja Schulze<br \/>\nGarnsdorfer Hauptstra\u00dfe 42<br \/>\n09244 Garnsdorf \/ Lichtenau<\/p>\n<p>Tel.\/Fax: 03 72 08 88 39 31<br \/>\nMobil: 01 51 52 58 06 16<br \/>\nE-Mail:\u00a0mail[at]landsprosse.de<\/p>\n<p><b>Umsatzsteuer-Identifikationsnummer gem\u00e4\u00df \u00a7 27 a Umsatzsteuergesetz:<\/b><br \/>\n47 526 985 038<\/p>\n<p><b>Copyright-Hinweis:<\/b><br \/>\nAlle Texte, Bilder und Gestaltungselemente sowie das gesamte Design unterliegen dem Copyright der Firma LANDSPROSSE. Kein Teil dieser Pr\u00e4sentation darf ohne schriftliche Genehmigung der Rechteinhaber analog oder digital, gleich welcher Form, bearbeitet, vervielf\u00e4ltigt oder au\u00dferhalb dieser Pr\u00e4sentation ver\u00f6ffentlicht werden. Zuwiderhandlungen m\u00fcssen und werden strafrechtlich verfolgt.<\/p>\n<p><b>Datenschutz nach DSVGO<\/b><br \/>\nUnsere <a href=\"http:\/\/landsprosse.de\/wordpress\/privacy\/\">Datenschutzerkl\u00e4rung<\/a> finden Sie <a href=\"http:\/\/landsprosse.de\/wordpress\/privacy\/\">hier<\/a>.<\/p>\n<p><b>Haftungshinweis:<\/b><br \/>\nTrotz sorgf\u00e4ltiger inhaltlicher Kontrolle \u00fcbernehmen wir keine Haftung f\u00fcr die Inhalte externer Links. F\u00fcr den Inhalt der verlinkten Seiten sind ausschlie\u00dflich deren Betreiber verantwortlich.<\/p>\n<p><strong>Online-Streitbeilegung gem\u00e4\u00df Art. 14 Abs. 1 ODR-VO:<\/strong><br \/>\nDie Europ\u00e4ische Kommission stellt eine Plattform zur Online-Streitbeilegung (OS) bereit, die Sie\u00a0<a href=\"http:\/\/ec.europa.eu\/consumers\/odr\/\" target=\"_blank\" rel=\"noopener\">HIER<\/a>\u00a0finden.<\/p>\n<p><b>Fotorechte:<\/b><br \/>\n\u00a9 Volker Witt &#8211; Fotolia.com<br \/>\n\u00a9 wjarek &#8211; Fotolia.com<br \/>\n\u00a9 Thomas LAUNOIS &#8211; Fotolia.com<br \/>\n\u00a9 Johanna M\u00fchlbauer &#8211; Fotolia.com<br \/>\n\u00a9 Jens Schubert<br \/>\n\u00a9 Marion Ho\u00dffeld<br \/>\n\u00a9 <a href=\"http:\/\/annas-foto.de\/\" target=\"_blank\" rel=\"noopener\">Anna S.<\/a><br \/>\nHintergrundbild: &#8218;<a title=\"'Green Violin' on Flickr\" href=\"https:\/\/www.flickr.com\/photos\/edweerdt\/8741447325\" target=\"_blank\" rel=\"noopener\">Green Violin<\/a>&#8218; von \u00a9 <a title=\"edweerdt auf Flickr\" href=\"https:\/\/www.flickr.com\/photos\/edweerdt\/\" target=\"_blank\" rel=\"noopener\">edweerdt<\/a>, License <a title=\"CC BY 2.0\" href=\"https:\/\/creativecommons.org\/licenses\/by\/2.0\/\" target=\"_blank\" rel=\"noopener\">CC BY 2.0<\/a><\/p>\n<p><strong>Inhaltlich Verantwortliche gem\u00e4\u00df \u00a7 5 TMG und \u00a7 55 RStV:<\/strong><br \/>\nSonja Schulze, Johannes El-Hokayem<\/p>\n<p><b>Gestaltung &amp; technische Umsetzung:<\/b><br \/>\nJ. El-Hokayem\u00a0\/ admin[at]landsprosse.de<\/p>\n ","protected":false},"excerpt":{"rendered":"<p>Landsprosse Sonja Schulze Garnsdorfer Hauptstra\u00dfe 42 09244 Garnsdorf \/ Lichtenau Tel.\/Fax: 03 72 08 88 39 31 Mobil: 01 51 52 58 06 16 E-Mail:\u00a0mail[at]landsprosse.de Umsatzsteuer-Identifikationsnummer gem\u00e4\u00df \u00a7 27 a Umsatzsteuergesetz: 47 526 985 038 Copyright-Hinweis: Alle Texte, Bilder und Gestaltungselemente sowie das gesamte Design unterliegen dem Copyright der Firma LANDSPROSSE. Kein Teil dieser Pr\u00e4sentation [&hellip;]<\/p>\n","protected":false},"author":1,"featured_media":0,"parent":34,"menu_order":0,"comment_status":"closed","ping_status":"open","template":"","meta":{"footnotes":""},"class_list":["post-23","page","type-page","status-publish","hentry"],"jetpack_shortlink":"https:\/\/wp.me\/P5MPMH-n","jetpack_sharing_enabled":true,"_links":{"self":[{"href":"https:\/\/landsprosse.de\/wordpress\/wp-json\/wp\/v2\/pages\/23","targetHints":{"allow":["GET"]}}],"collection":[{"href":"https:\/\/landsprosse.de\/wordpress\/wp-json\/wp\/v2\/pages"}],"about":[{"href":"https:\/\/landsprosse.de\/wordpress\/wp-json\/wp\/v2\/types\/page"}],"author":[{"embeddable":true,"href":"https:\/\/landsprosse.de\/wordpress\/wp-json\/wp\/v2\/users\/1"}],"replies":[{"embeddable":true,"href":"https:\/\/landsprosse.de\/wordpress\/wp-json\/wp\/v2\/comments?post=23"}],"version-history":[{"count":13,"href":"https:\/\/landsprosse.de\/wordpress\/wp-json\/wp\/v2\/pages\/23\/revisions"}],"predecessor-version":[{"id":1190,"href":"https:\/\/landsprosse.de\/wordpress\/wp-json\/wp\/v2\/pages\/23\/revisions\/1190"}],"up":[{"embeddable":true,"href":"https:\/\/landsprosse.de\/wordpress\/wp-json\/wp\/v2\/pages\/34"}],"wp:attachment":[{"href":"https:\/\/landsprosse.de\/wordpress\/wp-json\/wp\/v2\/media?parent=23"}],"curies":[{"name":"wp","href":"https:\/\/api.w.org\/{rel}","templated":true}]}}