{"id":701,"date":"2020-12-09T17:43:00","date_gmt":"2020-12-09T15:43:00","guid":{"rendered":"http:\/\/landsprosse.de\/wordpress\/?page_id=701"},"modified":"2021-01-26T14:37:58","modified_gmt":"2021-01-26T12:37:58","slug":"foerderung","status":"publish","type":"page","link":"https:\/\/landsprosse.de\/wordpress\/foerderung\/","title":{"rendered":"F\u00f6rderung und Zertifikate"},"content":{"rendered":"<p><img decoding=\"async\" data-attachment-id=\"686\" data-permalink=\"https:\/\/landsprosse.de\/wordpress\/eplr\/\" data-orig-file=\"https:\/\/landsprosse.de\/wordpress\/wp-content\/uploads\/2016\/05\/EPLR.jpg\" data-orig-size=\"1754,1240\" data-comments-opened=\"0\" data-image-meta=\"{&quot;aperture&quot;:&quot;0&quot;,&quot;credit&quot;:&quot;&quot;,&quot;camera&quot;:&quot;&quot;,&quot;caption&quot;:&quot;&quot;,&quot;created_timestamp&quot;:&quot;0&quot;,&quot;copyright&quot;:&quot;&quot;,&quot;focal_length&quot;:&quot;0&quot;,&quot;iso&quot;:&quot;0&quot;,&quot;shutter_speed&quot;:&quot;0&quot;,&quot;title&quot;:&quot;&quot;,&quot;orientation&quot;:&quot;0&quot;}\" data-image-title=\"EPLR\" data-image-description=\"\" data-image-caption=\"\" data-medium-file=\"https:\/\/landsprosse.de\/wordpress\/wp-content\/uploads\/2016\/05\/EPLR-300x212.jpg\" data-large-file=\"https:\/\/landsprosse.de\/wordpress\/wp-content\/uploads\/2016\/05\/EPLR-1024x724.jpg\" class=\"alignnone size-full wp-image-686\" src=\"http:\/\/landsprosse.de\/wordpress\/wp-content\/uploads\/2016\/05\/EPLR.jpg\" alt=\"EPLR\" width=\"100%\" data-id=\"686\" srcset=\"https:\/\/landsprosse.de\/wordpress\/wp-content\/uploads\/2016\/05\/EPLR.jpg 1754w, https:\/\/landsprosse.de\/wordpress\/wp-content\/uploads\/2016\/05\/EPLR-300x212.jpg 300w, https:\/\/landsprosse.de\/wordpress\/wp-content\/uploads\/2016\/05\/EPLR-768x543.jpg 768w, https:\/\/landsprosse.de\/wordpress\/wp-content\/uploads\/2016\/05\/EPLR-1024x724.jpg 1024w, https:\/\/landsprosse.de\/wordpress\/wp-content\/uploads\/2016\/05\/EPLR-624x441.jpg 624w\" sizes=\"(max-width: 1754px) 100vw, 1754px\" \/><\/p>\n<p>Mit der Umsetzung des Vorhabens &#8222;\u00d6kologischer\/biologischer Landbau&#8220; konnte auf den gef\u00f6rderten landwirtschaftlichen Fl\u00e4chen durch eine st\u00e4rkere Nutzung der Naturfunktionen w\u00e4hrend der Bewirtschaftung eine stoffliche Belastung des Bodenwassers sowie die Bodenerosion vermindert und die Vielfalt des Tier- und Pflanzenlebens gef\u00f6rdert werden. Generell tr\u00e4gt der \u00f6kologische\/biologische Landbau durch seine sch\u00fctzende und verbessernde Wirkung zum aktiven Umweltschutz bei. (F\u00f6rderrichtlinie \u00d6BL\/2015 | <a href=\"https:\/\/www.smul.sachsen.de\/\">SMUL Sachsen<\/a> )<\/p>\n<hr>\n<p><img loading=\"lazy\" decoding=\"async\" data-attachment-id=\"2668\" data-permalink=\"https:\/\/landsprosse.de\/wordpress\/foerderung\/gruenstemple2019\/\" data-orig-file=\"https:\/\/landsprosse.de\/wordpress\/wp-content\/uploads\/2019\/07\/gruenstemple2019.png\" data-orig-size=\"900,1293\" data-comments-opened=\"0\" data-image-meta=\"{&quot;aperture&quot;:&quot;0&quot;,&quot;credit&quot;:&quot;&quot;,&quot;camera&quot;:&quot;&quot;,&quot;caption&quot;:&quot;&quot;,&quot;created_timestamp&quot;:&quot;0&quot;,&quot;copyright&quot;:&quot;&quot;,&quot;focal_length&quot;:&quot;0&quot;,&quot;iso&quot;:&quot;0&quot;,&quot;shutter_speed&quot;:&quot;0&quot;,&quot;title&quot;:&quot;&quot;,&quot;orientation&quot;:&quot;0&quot;}\" data-image-title=\"gruenstemple2019\" data-image-description=\"\" data-image-caption=\"\" data-medium-file=\"https:\/\/landsprosse.de\/wordpress\/wp-content\/uploads\/2019\/07\/gruenstemple2019-209x300.png\" data-large-file=\"https:\/\/landsprosse.de\/wordpress\/wp-content\/uploads\/2019\/07\/gruenstemple2019-713x1024.png\" class=\"aligncenter size-full wp-image-2668\" src=\"http:\/\/landsprosse.de\/wordpress\/wp-content\/uploads\/2019\/07\/gruenstemple2019.png\" alt=\"\" width=\"900\" height=\"1293\" data-id=\"2668\" srcset=\"https:\/\/landsprosse.de\/wordpress\/wp-content\/uploads\/2019\/07\/gruenstemple2019.png 900w, https:\/\/landsprosse.de\/wordpress\/wp-content\/uploads\/2019\/07\/gruenstemple2019-209x300.png 209w, https:\/\/landsprosse.de\/wordpress\/wp-content\/uploads\/2019\/07\/gruenstemple2019-768x1103.png 768w, https:\/\/landsprosse.de\/wordpress\/wp-content\/uploads\/2019\/07\/gruenstemple2019-713x1024.png 713w, https:\/\/landsprosse.de\/wordpress\/wp-content\/uploads\/2019\/07\/gruenstemple2019-624x896.png 624w\" sizes=\"auto, (max-width: 900px) 100vw, 900px\" \/><\/p>\n<hr>\n<p><img loading=\"lazy\" decoding=\"async\" data-attachment-id=\"2669\" data-permalink=\"https:\/\/landsprosse.de\/wordpress\/foerderung\/gaea2019\/\" data-orig-file=\"https:\/\/landsprosse.de\/wordpress\/wp-content\/uploads\/2019\/07\/gaea2019.png\" data-orig-size=\"900,1288\" data-comments-opened=\"0\" data-image-meta=\"{&quot;aperture&quot;:&quot;0&quot;,&quot;credit&quot;:&quot;&quot;,&quot;camera&quot;:&quot;&quot;,&quot;caption&quot;:&quot;&quot;,&quot;created_timestamp&quot;:&quot;0&quot;,&quot;copyright&quot;:&quot;&quot;,&quot;focal_length&quot;:&quot;0&quot;,&quot;iso&quot;:&quot;0&quot;,&quot;shutter_speed&quot;:&quot;0&quot;,&quot;title&quot;:&quot;&quot;,&quot;orientation&quot;:&quot;0&quot;}\" data-image-title=\"G\u00e4a Zertifikat 2019\" data-image-description=\"&lt;p&gt;G\u00e4a Zertifikat 2019&lt;\/p&gt;\n\" data-image-caption=\"\" data-medium-file=\"https:\/\/landsprosse.de\/wordpress\/wp-content\/uploads\/2019\/07\/gaea2019-210x300.png\" data-large-file=\"https:\/\/landsprosse.de\/wordpress\/wp-content\/uploads\/2019\/07\/gaea2019-716x1024.png\" class=\"aligncenter size-full wp-image-2669\" src=\"http:\/\/landsprosse.de\/wordpress\/wp-content\/uploads\/2019\/07\/gaea2019.png\" alt=\"\" width=\"900\" height=\"1288\" data-id=\"2669\" srcset=\"https:\/\/landsprosse.de\/wordpress\/wp-content\/uploads\/2019\/07\/gaea2019.png 900w, https:\/\/landsprosse.de\/wordpress\/wp-content\/uploads\/2019\/07\/gaea2019-210x300.png 210w, https:\/\/landsprosse.de\/wordpress\/wp-content\/uploads\/2019\/07\/gaea2019-768x1099.png 768w, https:\/\/landsprosse.de\/wordpress\/wp-content\/uploads\/2019\/07\/gaea2019-716x1024.png 716w, https:\/\/landsprosse.de\/wordpress\/wp-content\/uploads\/2019\/07\/gaea2019-624x893.png 624w\" sizes=\"auto, (max-width: 900px) 100vw, 900px\" \/><\/p>\n ","protected":false},"excerpt":{"rendered":"<p>Mit der Umsetzung des Vorhabens &#8222;\u00d6kologischer\/biologischer Landbau&#8220; konnte auf den gef\u00f6rderten landwirtschaftlichen Fl\u00e4chen durch eine st\u00e4rkere Nutzung der Naturfunktionen w\u00e4hrend der Bewirtschaftung eine stoffliche Belastung des Bodenwassers sowie die Bodenerosion vermindert und die Vielfalt des Tier- und Pflanzenlebens gef\u00f6rdert werden. Generell tr\u00e4gt der \u00f6kologische\/biologische Landbau durch seine sch\u00fctzende und verbessernde Wirkung zum aktiven Umweltschutz bei. [&hellip;]<\/p>\n","protected":false},"author":1,"featured_media":0,"parent":0,"menu_order":0,"comment_status":"closed","ping_status":"closed","template":"page-templates\/full-width.php","meta":{"footnotes":""},"class_list":["post-701","page","type-page","status-publish","hentry"],"jetpack_shortlink":"https:\/\/wp.me\/P5MPMH-bj","jetpack_sharing_enabled":true,"_links":{"self":[{"href":"https:\/\/landsprosse.de\/wordpress\/wp-json\/wp\/v2\/pages\/701","targetHints":{"allow":["GET"]}}],"collection":[{"href":"https:\/\/landsprosse.de\/wordpress\/wp-json\/wp\/v2\/pages"}],"about":[{"href":"https:\/\/landsprosse.de\/wordpress\/wp-json\/wp\/v2\/types\/page"}],"author":[{"embeddable":true,"href":"https:\/\/landsprosse.de\/wordpress\/wp-json\/wp\/v2\/users\/1"}],"replies":[{"embeddable":true,"href":"https:\/\/landsprosse.de\/wordpress\/wp-json\/wp\/v2\/comments?post=701"}],"version-history":[{"count":10,"href":"https:\/\/landsprosse.de\/wordpress\/wp-json\/wp\/v2\/pages\/701\/revisions"}],"predecessor-version":[{"id":2779,"href":"https:\/\/landsprosse.de\/wordpress\/wp-json\/wp\/v2\/pages\/701\/revisions\/2779"}],"wp:attachment":[{"href":"https:\/\/landsprosse.de\/wordpress\/wp-json\/wp\/v2\/media?parent=701"}],"curies":[{"name":"wp","href":"https:\/\/api.w.org\/{rel}","templated":true}]}}