{"id":86,"date":"2015-01-10T22:56:12","date_gmt":"2015-01-10T20:56:12","guid":{"rendered":"http:\/\/landsprosse.de\/wordpress\/?page_id=86"},"modified":"2018-10-02T10:14:13","modified_gmt":"2018-10-02T08:14:13","slug":"anfahrt","status":"publish","type":"page","link":"https:\/\/landsprosse.de\/wordpress\/kontakt\/anfahrt\/","title":{"rendered":"Anfahrt"},"content":{"rendered":"<p><img decoding=\"async\" data-attachment-id=\"625\" data-permalink=\"https:\/\/landsprosse.de\/wordpress\/kontakt\/anfahrt\/map\/\" data-orig-file=\"https:\/\/landsprosse.de\/wordpress\/wp-content\/uploads\/2015\/01\/map.png\" data-orig-size=\"2765,1777\" data-comments-opened=\"0\" data-image-meta=\"{&quot;aperture&quot;:&quot;0&quot;,&quot;credit&quot;:&quot;&quot;,&quot;camera&quot;:&quot;&quot;,&quot;caption&quot;:&quot;&quot;,&quot;created_timestamp&quot;:&quot;0&quot;,&quot;copyright&quot;:&quot;&quot;,&quot;focal_length&quot;:&quot;0&quot;,&quot;iso&quot;:&quot;0&quot;,&quot;shutter_speed&quot;:&quot;0&quot;,&quot;title&quot;:&quot;&quot;,&quot;orientation&quot;:&quot;0&quot;}\" data-image-title=\"map\" data-image-description=\"\" data-image-caption=\"\" data-medium-file=\"https:\/\/landsprosse.de\/wordpress\/wp-content\/uploads\/2015\/01\/map-300x193.png\" data-large-file=\"https:\/\/landsprosse.de\/wordpress\/wp-content\/uploads\/2015\/01\/map-1024x658.png\" class=\"alignnone size-full wp-image-625\" src=\"http:\/\/landsprosse.de\/wordpress\/wp-content\/uploads\/2015\/01\/map.png\" alt=\"map\" width=\"600\" data-id=\"625\" srcset=\"https:\/\/landsprosse.de\/wordpress\/wp-content\/uploads\/2015\/01\/map.png 2765w, https:\/\/landsprosse.de\/wordpress\/wp-content\/uploads\/2015\/01\/map-300x193.png 300w, https:\/\/landsprosse.de\/wordpress\/wp-content\/uploads\/2015\/01\/map-768x494.png 768w, https:\/\/landsprosse.de\/wordpress\/wp-content\/uploads\/2015\/01\/map-1024x658.png 1024w, https:\/\/landsprosse.de\/wordpress\/wp-content\/uploads\/2015\/01\/map-624x401.png 624w\" sizes=\"(max-width: 2765px) 100vw, 2765px\" \/><\/p>\n<p>Garnsdorf liegt zentral in Sachsen. Entfernung nach Chemnitz betr\u00e4gt 8 Kilometer nach Leipzig sind es ca.\u00a0 70 Kilometer\u00a0 und nach\u00a0 Dresden etwa 65 Kilometer.<\/p>\n<p>Autobahnabfahrt von\u00a0 A4 Chemnitz ,Abfahrt Gl\u00f6sa\u00a0 weiter auf B107\u00a0 Richtung Rochlitz bis\u00a0 Ortslage Garnsdorf<\/p>\n<p>Autobahn A72 bis Kreuz Chemnitz, auf A4 Richtung Dresden wechseln , weiter siehe oben<\/p>\n<p>Garnsdorfer Hauptstra\u00dfe in Garnsdorf ist eine Stra\u00dfe mit &#8222;Seitenarmen&#8220; ,die Hausnummern werden an den Auffahrten angezeigt. Zus\u00e4tzlich auf das Hinweisschild LANDSPROSSE achten.<\/p>\n<p>&nbsp;<\/p>\n ","protected":false},"excerpt":{"rendered":"<p>Garnsdorf liegt zentral in Sachsen. Entfernung nach Chemnitz betr\u00e4gt 8 Kilometer nach Leipzig sind es ca.\u00a0 70 Kilometer\u00a0 und nach\u00a0 Dresden etwa 65 Kilometer. Autobahnabfahrt von\u00a0 A4 Chemnitz ,Abfahrt Gl\u00f6sa\u00a0 weiter auf B107\u00a0 Richtung Rochlitz bis\u00a0 Ortslage Garnsdorf Autobahn A72 bis Kreuz Chemnitz, auf A4 Richtung Dresden wechseln , weiter siehe oben Garnsdorfer Hauptstra\u00dfe in [&hellip;]<\/p>\n","protected":false},"author":1,"featured_media":0,"parent":34,"menu_order":1,"comment_status":"closed","ping_status":"open","template":"","meta":{"footnotes":""},"class_list":["post-86","page","type-page","status-publish","hentry"],"jetpack_shortlink":"https:\/\/wp.me\/P5MPMH-1o","jetpack_sharing_enabled":true,"_links":{"self":[{"href":"https:\/\/landsprosse.de\/wordpress\/wp-json\/wp\/v2\/pages\/86","targetHints":{"allow":["GET"]}}],"collection":[{"href":"https:\/\/landsprosse.de\/wordpress\/wp-json\/wp\/v2\/pages"}],"about":[{"href":"https:\/\/landsprosse.de\/wordpress\/wp-json\/wp\/v2\/types\/page"}],"author":[{"embeddable":true,"href":"https:\/\/landsprosse.de\/wordpress\/wp-json\/wp\/v2\/users\/1"}],"replies":[{"embeddable":true,"href":"https:\/\/landsprosse.de\/wordpress\/wp-json\/wp\/v2\/comments?post=86"}],"version-history":[{"count":13,"href":"https:\/\/landsprosse.de\/wordpress\/wp-json\/wp\/v2\/pages\/86\/revisions"}],"predecessor-version":[{"id":1157,"href":"https:\/\/landsprosse.de\/wordpress\/wp-json\/wp\/v2\/pages\/86\/revisions\/1157"}],"up":[{"embeddable":true,"href":"https:\/\/landsprosse.de\/wordpress\/wp-json\/wp\/v2\/pages\/34"}],"wp:attachment":[{"href":"https:\/\/landsprosse.de\/wordpress\/wp-json\/wp\/v2\/media?parent=86"}],"curies":[{"name":"wp","href":"https:\/\/api.w.org\/{rel}","templated":true}]}}